{"id":356,"date":"2020-03-13T17:42:00","date_gmt":"2020-03-13T17:42:00","guid":{"rendered":"https:\/\/lagar.vamtam.com\/?page_id=356"},"modified":"2023-05-19T09:23:59","modified_gmt":"2023-05-19T09:23:59","slug":"sobre-nosotros","status":"publish","type":"page","link":"https:\/\/aceiteslivesol.com\/en\/sobre-nosotros\/","title":{"rendered":"Sobre nosotros"},"content":{"rendered":"<div data-elementor-type=\"wp-page\" data-elementor-id=\"356\" class=\"elementor elementor-356\">\n\t\t\t\t\t\t<section class=\"elementor-section elementor-top-section elementor-element elementor-element-a39aec8 elementor-section-height-min-height elementor-section-content-bottom elementor-section-boxed elementor-section-height-default elementor-section-items-middle\" data-id=\"a39aec8\" data-element_type=\"section\" data-settings=\"{&quot;background_background&quot;:&quot;classic&quot;}\">\n\t\t\t\t\t\t\t<div class=\"elementor-background-overlay\"><\/div>\n\t\t\t\t\t\t\t<div class=\"elementor-container elementor-column-gap-default\">\n\t\t\t\t\t<div class=\"elementor-column elementor-col-100 elementor-top-column elementor-element elementor-element-b02e8b7\" data-id=\"b02e8b7\" data-element_type=\"column\">\n\t\t\t<div class=\"elementor-widget-wrap elementor-element-populated\">\n\t\t\t\t\t\t<div class=\"elementor-element elementor-element-158b554 elementor-widget elementor-widget-heading\" data-id=\"158b554\" data-element_type=\"widget\" data-widget_type=\"heading.default\">\n\t\t\t\t<div class=\"elementor-widget-container\">\n\t\t\t<style>\/*! elementor - v3.20.0 - 10-04-2024 *\/\n.elementor-heading-title{padding:0;margin:0;line-height:1}.elementor-widget-heading .elementor-heading-title[class*=elementor-size-]>a{color:inherit;font-size:inherit;line-height:inherit}.elementor-widget-heading .elementor-heading-title.elementor-size-small{font-size:15px}.elementor-widget-heading .elementor-heading-title.elementor-size-medium{font-size:19px}.elementor-widget-heading .elementor-heading-title.elementor-size-large{font-size:29px}.elementor-widget-heading .elementor-heading-title.elementor-size-xl{font-size:39px}.elementor-widget-heading .elementor-heading-title.elementor-size-xxl{font-size:59px}<\/style><h2 class=\"elementor-heading-title elementor-size-default\">Sobre Livesol<\/h2>\t\t<\/div>\n\t\t\t\t<\/div>\n\t\t\t\t\t<\/div>\n\t\t<\/div>\n\t\t\t\t\t<\/div>\n\t\t<\/section>\n\t\t\t\t<section class=\"elementor-section elementor-top-section elementor-element elementor-element-67868c8 elementor-section-boxed elementor-section-height-default elementor-section-height-default\" data-id=\"67868c8\" data-element_type=\"section\">\n\t\t\t\t\t\t<div class=\"elementor-container elementor-column-gap-default\">\n\t\t\t\t\t<div class=\"elementor-column elementor-col-100 elementor-top-column elementor-element elementor-element-f8d9e19\" data-id=\"f8d9e19\" data-element_type=\"column\">\n\t\t\t<div class=\"elementor-widget-wrap elementor-element-populated\">\n\t\t\t\t\t\t<div class=\"elementor-element elementor-element-4d24a5c elementor-invisible elementor-widget elementor-widget-heading\" data-id=\"4d24a5c\" data-element_type=\"widget\" data-settings=\"{&quot;_animation&quot;:&quot;fadeIn&quot;,&quot;_animation_delay&quot;:200}\" data-widget_type=\"heading.default\">\n\t\t\t\t<div class=\"elementor-widget-container\">\n\t\t\t<h6 class=\"elementor-heading-title elementor-size-default\">NOSOTROS<\/h6>\t\t<\/div>\n\t\t\t\t<\/div>\n\t\t\t\t<div class=\"elementor-element elementor-element-106983b elementor-widget elementor-widget-heading\" data-id=\"106983b\" data-element_type=\"widget\" data-widget_type=\"heading.default\">\n\t\t\t\t<div class=\"elementor-widget-container\">\n\t\t\t<h2 class=\"elementor-heading-title elementor-size-default\">Nuestro objetivo es ser un l\u00edder mundial como productor, envasador y comercializador de<\/h2>\t\t<\/div>\n\t\t\t\t<\/div>\n\t\t\t\t<div class=\"elementor-element elementor-element-e0a7448 elementor-absolute elementor-widget elementor-widget-image\" data-id=\"e0a7448\" data-element_type=\"widget\" data-settings=\"{&quot;_position&quot;:&quot;absolute&quot;}\" data-widget_type=\"image.default\">\n\t\t\t\t<div class=\"elementor-widget-container\">\n\t\t\t<style>\/*! elementor - v3.20.0 - 10-04-2024 *\/\n.elementor-widget-image{text-align:center}.elementor-widget-image a{display:inline-block}.elementor-widget-image a img[src$=\".svg\"]{width:48px}.elementor-widget-image img{vertical-align:middle;display:inline-block}<\/style>\t\t\t\t<div class=\"elementor-image\">\n\t\t\t\t\t\t\t\t\t\t\t\t\t\t\t\t\t\t\t\t\t<img fetchpriority=\"high\" decoding=\"async\" width=\"500\" height=\"500\" src=\"https:\/\/aceiteslivesol.com\/wp-content\/uploads\/2023\/03\/Vector-dib-olivo-hojas-livesol.png\" class=\"attachment-large size-large wp-image-987655\" alt=\"\" srcset=\"https:\/\/aceiteslivesol.com\/wp-content\/uploads\/2023\/03\/Vector-dib-olivo-hojas-livesol.png 500w, https:\/\/aceiteslivesol.com\/wp-content\/uploads\/2023\/03\/Vector-dib-olivo-hojas-livesol-300x300.png 300w, https:\/\/aceiteslivesol.com\/wp-content\/uploads\/2023\/03\/Vector-dib-olivo-hojas-livesol-150x150.png 150w, https:\/\/aceiteslivesol.com\/wp-content\/uploads\/2023\/03\/Vector-dib-olivo-hojas-livesol-315x315.png 315w\" sizes=\"(max-width: 500px) 100vw, 500px\" \/>\t\t\t\t\t\t\t\t\t\t\t\t\t\t\t\t\t\t\t\t\t\t\t\t<\/div>\n\t\t\t\t\t\t<\/div>\n\t\t\t\t<\/div>\n\t\t\t\t<section class=\"elementor-section elementor-inner-section elementor-element elementor-element-e1039f0 elementor-section-full_width elementor-section-height-default elementor-section-height-default\" data-id=\"e1039f0\" data-element_type=\"section\">\n\t\t\t\t\t\t<div class=\"elementor-container elementor-column-gap-default\">\n\t\t\t\t\t<div class=\"elementor-column elementor-col-33 elementor-inner-column elementor-element elementor-element-2ab8c5d\" data-id=\"2ab8c5d\" data-element_type=\"column\">\n\t\t\t<div class=\"elementor-widget-wrap elementor-element-populated\">\n\t\t\t\t\t\t<div class=\"elementor-element elementor-element-2a6eeac elementor-align-center elementor-widget elementor-widget-button\" data-id=\"2a6eeac\" data-element_type=\"widget\" data-widget_type=\"button.default\">\n\t\t\t\t<div class=\"elementor-widget-container\">\n\t\t\t\t\t<div class=\"elementor-button-wrapper\">\n\t\t\t<a class=\"elementor-button elementor-size-sm\" role=\"button\">\n\t\t\t\t\t\t<span class=\"elementor-button-content-wrapper\">\n\t\t\t\t\t\t<span class=\"elementor-button-text\">Aceite de Oliva<\/span>\n\t\t<\/span>\n\t\t\t\t\t<\/a>\n\t\t<\/div>\n\t\t\t\t<\/div>\n\t\t\t\t<\/div>\n\t\t\t\t\t<\/div>\n\t\t<\/div>\n\t\t\t\t<div class=\"elementor-column elementor-col-33 elementor-inner-column elementor-element elementor-element-c901461\" data-id=\"c901461\" data-element_type=\"column\">\n\t\t\t<div class=\"elementor-widget-wrap elementor-element-populated\">\n\t\t\t\t\t\t<div class=\"elementor-element elementor-element-8b4215b elementor-align-center elementor-widget elementor-widget-button\" data-id=\"8b4215b\" data-element_type=\"widget\" data-widget_type=\"button.default\">\n\t\t\t\t<div class=\"elementor-widget-container\">\n\t\t\t\t\t<div class=\"elementor-button-wrapper\">\n\t\t\t<a class=\"elementor-button elementor-size-sm\" role=\"button\">\n\t\t\t\t\t\t<span class=\"elementor-button-content-wrapper\">\n\t\t\t\t\t\t<span class=\"elementor-button-text\">Aceites de Girasol<\/span>\n\t\t<\/span>\n\t\t\t\t\t<\/a>\n\t\t<\/div>\n\t\t\t\t<\/div>\n\t\t\t\t<\/div>\n\t\t\t\t\t<\/div>\n\t\t<\/div>\n\t\t\t\t<div class=\"elementor-column elementor-col-33 elementor-inner-column elementor-element elementor-element-a7436c6\" data-id=\"a7436c6\" data-element_type=\"column\">\n\t\t\t<div class=\"elementor-widget-wrap elementor-element-populated\">\n\t\t\t\t\t\t<div class=\"elementor-element elementor-element-893ba46 elementor-align-center elementor-widget elementor-widget-button\" data-id=\"893ba46\" data-element_type=\"widget\" data-widget_type=\"button.default\">\n\t\t\t\t<div class=\"elementor-widget-container\">\n\t\t\t\t\t<div class=\"elementor-button-wrapper\">\n\t\t\t<a class=\"elementor-button elementor-size-sm\" role=\"button\">\n\t\t\t\t\t\t<span class=\"elementor-button-content-wrapper\">\n\t\t\t\t\t\t<span class=\"elementor-button-text\">Aceites Vegetales <\/span>\n\t\t<\/span>\n\t\t\t\t\t<\/a>\n\t\t<\/div>\n\t\t\t\t<\/div>\n\t\t\t\t<\/div>\n\t\t\t\t\t<\/div>\n\t\t<\/div>\n\t\t\t\t\t<\/div>\n\t\t<\/section>\n\t\t\t\t<section class=\"elementor-section elementor-inner-section elementor-element elementor-element-704e5c6 elementor-section-full_width elementor-section-height-default elementor-section-height-default\" data-id=\"704e5c6\" data-element_type=\"section\">\n\t\t\t\t\t\t<div class=\"elementor-container elementor-column-gap-default\">\n\t\t\t\t\t<div class=\"elementor-column elementor-col-33 elementor-inner-column elementor-element elementor-element-c35ee47\" data-id=\"c35ee47\" data-element_type=\"column\">\n\t\t\t<div class=\"elementor-widget-wrap elementor-element-populated\">\n\t\t\t\t\t\t<div class=\"elementor-element elementor-element-b6138e0 elementor-align-center elementor-widget elementor-widget-button\" data-id=\"b6138e0\" data-element_type=\"widget\" data-widget_type=\"button.default\">\n\t\t\t\t<div class=\"elementor-widget-container\">\n\t\t\t\t\t<div class=\"elementor-button-wrapper\">\n\t\t\t<a class=\"elementor-button elementor-size-sm\" role=\"button\">\n\t\t\t\t\t\t<span class=\"elementor-button-content-wrapper\">\n\t\t\t\t\t\t<span class=\"elementor-button-text\">Aceitunas de Mesa<\/span>\n\t\t<\/span>\n\t\t\t\t\t<\/a>\n\t\t<\/div>\n\t\t\t\t<\/div>\n\t\t\t\t<\/div>\n\t\t\t\t\t<\/div>\n\t\t<\/div>\n\t\t\t\t<div class=\"elementor-column elementor-col-33 elementor-inner-column elementor-element elementor-element-112402c\" data-id=\"112402c\" data-element_type=\"column\">\n\t\t\t<div class=\"elementor-widget-wrap elementor-element-populated\">\n\t\t\t\t\t\t<div class=\"elementor-element elementor-element-55e1965 elementor-align-center elementor-widget elementor-widget-button\" data-id=\"55e1965\" data-element_type=\"widget\" data-widget_type=\"button.default\">\n\t\t\t\t<div class=\"elementor-widget-container\">\n\t\t\t\t\t<div class=\"elementor-button-wrapper\">\n\t\t\t<a class=\"elementor-button elementor-size-sm\" role=\"button\">\n\t\t\t\t\t\t<span class=\"elementor-button-content-wrapper\">\n\t\t\t\t\t\t<span class=\"elementor-button-text\">Alcaparras<\/span>\n\t\t<\/span>\n\t\t\t\t\t<\/a>\n\t\t<\/div>\n\t\t\t\t<\/div>\n\t\t\t\t<\/div>\n\t\t\t\t\t<\/div>\n\t\t<\/div>\n\t\t\t\t<div class=\"elementor-column elementor-col-33 elementor-inner-column elementor-element elementor-element-51c0520\" data-id=\"51c0520\" data-element_type=\"column\">\n\t\t\t<div class=\"elementor-widget-wrap elementor-element-populated\">\n\t\t\t\t\t\t<div class=\"elementor-element elementor-element-45d775c elementor-align-center elementor-widget elementor-widget-button\" data-id=\"45d775c\" data-element_type=\"widget\" data-widget_type=\"button.default\">\n\t\t\t\t<div class=\"elementor-widget-container\">\n\t\t\t\t\t<div class=\"elementor-button-wrapper\">\n\t\t\t<a class=\"elementor-button elementor-size-sm\" role=\"button\">\n\t\t\t\t\t\t<span class=\"elementor-button-content-wrapper\">\n\t\t\t\t\t\t<span class=\"elementor-button-text\">Alcaparrones<\/span>\n\t\t<\/span>\n\t\t\t\t\t<\/a>\n\t\t<\/div>\n\t\t\t\t<\/div>\n\t\t\t\t<\/div>\n\t\t\t\t\t<\/div>\n\t\t<\/div>\n\t\t\t\t\t<\/div>\n\t\t<\/section>\n\t\t\t\t<div class=\"elementor-element elementor-element-b391a39 elementor-widget elementor-widget-text-editor\" data-id=\"b391a39\" data-element_type=\"widget\" data-widget_type=\"text-editor.default\">\n\t\t\t\t<div class=\"elementor-widget-container\">\n\t\t\t<style>\/*! elementor - v3.20.0 - 10-04-2024 *\/\n.elementor-widget-text-editor.elementor-drop-cap-view-stacked .elementor-drop-cap{background-color:#69727d;color:#fff}.elementor-widget-text-editor.elementor-drop-cap-view-framed .elementor-drop-cap{color:#69727d;border:3px solid;background-color:transparent}.elementor-widget-text-editor:not(.elementor-drop-cap-view-default) .elementor-drop-cap{margin-top:8px}.elementor-widget-text-editor:not(.elementor-drop-cap-view-default) .elementor-drop-cap-letter{width:1em;height:1em}.elementor-widget-text-editor .elementor-drop-cap{float:left;text-align:center;line-height:1;font-size:50px}.elementor-widget-text-editor .elementor-drop-cap-letter{display:inline-block}<\/style>\t\t\t\t<p>Empresa dedicada al envasado y la comercializaci\u00f3n de aceites de oliva, girasol y semillas tanto bajo marca propia como con marca blanca.<u><\/u><u><\/u><\/p><p>Ubicada en Madrid, en el Mercado Central de MercaMadrid, la empresa nace de la mano de unos profesionales de generaci\u00f3n con experiencia, Esta envasa y comercializa al d\u00eda de hoy con distribuci\u00f3n en Madrid creciendo y nos dedicamos a la importaci\u00f3n en \u00c1frica, Europa y Latinoam\u00e9rica. Siendo referentes en el negocio de hosteler\u00eda y reparto por mayor \u00a0y todo ello sin perder su esp\u00edritu familiar.<u><\/u><u><\/u><\/p><p>La historia de Aceites Livesol se ha caracterizado por el esfuerzo, dedicaci\u00f3n, inversi\u00f3n y la adaptaci\u00f3n a las necesidades de nuestros clientes.<\/p>\t\t\t\t\t\t<\/div>\n\t\t\t\t<\/div>\n\t\t\t\t<div class=\"elementor-element elementor-element-97a14b9 elementor-widget elementor-widget-heading\" data-id=\"97a14b9\" data-element_type=\"widget\" data-widget_type=\"heading.default\">\n\t\t\t\t<div class=\"elementor-widget-container\">\n\t\t\t<h2 class=\"elementor-heading-title elementor-size-default\">Nuestros objetivos<\/h2>\t\t<\/div>\n\t\t\t\t<\/div>\n\t\t\t\t<div class=\"elementor-element elementor-element-34bfa8b elementor-widget elementor-widget-text-editor\" data-id=\"34bfa8b\" data-element_type=\"widget\" data-widget_type=\"text-editor.default\">\n\t\t\t\t<div class=\"elementor-widget-container\">\n\t\t\t\t\t\t\t<p>Crecer con una base s\u00f3lida enfocada a posicionar nuestros productos, en todos los diferentes segmentos de los mercados de todo el mundo.<\/p>\t\t\t\t\t\t<\/div>\n\t\t\t\t<\/div>\n\t\t\t\t\t<\/div>\n\t\t<\/div>\n\t\t\t\t\t<\/div>\n\t\t<\/section>\n\t\t\t\t<section class=\"elementor-section elementor-top-section elementor-element elementor-element-9c0a695 elementor-section-boxed elementor-section-height-default elementor-section-height-default\" data-id=\"9c0a695\" data-element_type=\"section\" data-settings=\"{&quot;background_background&quot;:&quot;classic&quot;}\">\n\t\t\t\t\t\t<div class=\"elementor-container elementor-column-gap-default\">\n\t\t\t\t\t<div class=\"elementor-column elementor-col-100 elementor-top-column elementor-element elementor-element-0322e89\" data-id=\"0322e89\" data-element_type=\"column\">\n\t\t\t<div class=\"elementor-widget-wrap elementor-element-populated\">\n\t\t\t\t\t\t<div class=\"elementor-element elementor-element-bf08018 elementor-widget elementor-widget-heading\" data-id=\"bf08018\" data-element_type=\"widget\" data-widget_type=\"heading.default\">\n\t\t\t\t<div class=\"elementor-widget-container\">\n\t\t\t<h2 class=\"elementor-heading-title elementor-size-default\">PRODUCTO DE CALIDAD Y CERTIFICACI\u00d3N<\/h2>\t\t<\/div>\n\t\t\t\t<\/div>\n\t\t\t\t<div class=\"elementor-element elementor-element-a32d9fd elementor-widget elementor-widget-text-editor\" data-id=\"a32d9fd\" data-element_type=\"widget\" data-widget_type=\"text-editor.default\">\n\t\t\t\t<div class=\"elementor-widget-container\">\n\t\t\t\t\t\t\t<p><strong>Aceites Livesol, calidad a su servicio.<\/strong><\/p><p>En Aceites LIVESOL tenemos productos con certificado en ecol\u00f3gico y halal por eso evaluamos y seleccionamos los proveedores m\u00e1s acordes a nuestras l\u00edneas de productos, visitamos sus f\u00e1bricas, requiri\u00e9ndole para su homologaci\u00f3n unos altos est\u00e1ndares de calidad.<u><\/u><u><\/u><\/p><p>Todos nuestros productos y procesos de fabricaci\u00f3n superan unos rigurosos y exigentes controles de calidad<u><\/u><u><\/u><\/p><p>Contamos con un equipo ampliamente cualificado de t\u00e9cnicos y profesionales, que supervisan cada producto y proceso. Todo ello nos permite alcanzar y superar con certidumbre las expectativas de nuestros clientes.<u><\/u><u><\/u><\/p><p>Desde hace tiempo en Aceites LIVESOL nos responsabilizamos de nuestra huella ecol\u00f3gica por ello nos hemos adaptado a una producci\u00f3n lo mas eficiente para reducirla en la medida de lo posible, la ISO 14001 nos certifica en este aspecto.<\/p>\t\t\t\t\t\t<\/div>\n\t\t\t\t<\/div>\n\t\t\t\t<div class=\"elementor-element elementor-element-44075c4 elementor-widget elementor-widget-image\" data-id=\"44075c4\" data-element_type=\"widget\" data-widget_type=\"image.default\">\n\t\t\t\t<div class=\"elementor-widget-container\">\n\t\t\t\t\t\t\t<div class=\"elementor-image\">\n\t\t\t\t\t\t\t\t\t\t\t\t\t\t\t\t\t\t\t\t\t<img decoding=\"async\" width=\"480\" height=\"99\" src=\"https:\/\/aceiteslivesol.com\/wp-content\/uploads\/2023\/05\/Certificaciones-livesol.jpg\" class=\"attachment-large size-large wp-image-988098\" alt=\"Certificaciones livesol\" srcset=\"https:\/\/aceiteslivesol.com\/wp-content\/uploads\/2023\/05\/Certificaciones-livesol.jpg 480w, https:\/\/aceiteslivesol.com\/wp-content\/uploads\/2023\/05\/Certificaciones-livesol-300x62.jpg 300w\" sizes=\"(max-width: 480px) 100vw, 480px\" \/>\t\t\t\t\t\t\t\t\t\t\t\t\t\t\t\t\t\t\t\t\t\t\t\t<\/div>\n\t\t\t\t\t\t<\/div>\n\t\t\t\t<\/div>\n\t\t\t\t\t<\/div>\n\t\t<\/div>\n\t\t\t\t\t<\/div>\n\t\t<\/section>\n\t\t\t\t<\/div>","protected":false},"excerpt":{"rendered":"<p>Sobre Livesol NOSOTROS Nuestro objetivo es ser un l\u00edder mundial como productor, envasador y comercializador de Aceite de Oliva Aceites de Girasol Aceites Vegetales Aceitunas de Mesa Alcaparras Alcaparrones Empresa dedicada al envasado y la comercializaci\u00f3n de aceites de oliva, girasol y semillas tanto bajo marca propia como con marca blanca. Ubicada en Madrid, en&#8230;<\/p>","protected":false},"author":1,"featured_media":0,"parent":0,"menu_order":0,"comment_status":"closed","ping_status":"closed","template":"","meta":{"_joinchat":[],"footnotes":""},"class_list":["post-356","page","type-page","status-publish","hentry"],"yoast_head":"<!-- This site is optimized with the Yoast SEO plugin v22.4 - https:\/\/yoast.com\/wordpress\/plugins\/seo\/ -->\n<title>Sobre nosotros - Aceites Livesol<\/title>\n<meta name=\"description\" content=\"\u00bfConoces los aceites Livesol? Disponemos de aceites premium. Venta online de aceites.\" \/>\n<meta name=\"robots\" content=\"index, follow, max-snippet:-1, max-image-preview:large, max-video-preview:-1\" \/>\n<link rel=\"canonical\" href=\"https:\/\/aceiteslivesol.com\/en\/sobre-nosotros\/\" \/>\n<meta property=\"og:locale\" content=\"en_GB\" \/>\n<meta property=\"og:type\" content=\"article\" \/>\n<meta property=\"og:title\" content=\"Sobre nosotros - Aceites Livesol\" \/>\n<meta property=\"og:description\" content=\"\u00bfConoces los aceites Livesol? Disponemos de aceites premium. Venta online de aceites.\" \/>\n<meta property=\"og:url\" content=\"https:\/\/aceiteslivesol.com\/en\/sobre-nosotros\/\" \/>\n<meta property=\"og:site_name\" content=\"Aceites Livesol\" \/>\n<meta property=\"article:modified_time\" content=\"2023-05-19T09:23:59+00:00\" \/>\n<meta property=\"og:image\" content=\"https:\/\/aceiteslivesol.com\/wp-content\/uploads\/2023\/03\/Vector-dib-olivo-hojas-livesol.png\" \/>\n<meta name=\"twitter:card\" content=\"summary_large_image\" \/>\n<meta name=\"twitter:label1\" content=\"Estimated reading time\" \/>\n\t<meta name=\"twitter:data1\" content=\"2 minutes\" \/>\n<script type=\"application\/ld+json\" class=\"yoast-schema-graph\">{\"@context\":\"https:\/\/schema.org\",\"@graph\":[{\"@type\":\"WebPage\",\"@id\":\"https:\/\/aceiteslivesol.com\/es_es\/sobre-nosotros\/\",\"url\":\"https:\/\/aceiteslivesol.com\/es_es\/sobre-nosotros\/\",\"name\":\"Sobre nosotros - Aceites Livesol\",\"isPartOf\":{\"@id\":\"https:\/\/aceiteslivesol.com\/#website\"},\"primaryImageOfPage\":{\"@id\":\"https:\/\/aceiteslivesol.com\/es_es\/sobre-nosotros\/#primaryimage\"},\"image\":{\"@id\":\"https:\/\/aceiteslivesol.com\/es_es\/sobre-nosotros\/#primaryimage\"},\"thumbnailUrl\":\"https:\/\/aceiteslivesol.com\/wp-content\/uploads\/2023\/03\/Vector-dib-olivo-hojas-livesol.png\",\"datePublished\":\"2020-03-13T17:42:00+00:00\",\"dateModified\":\"2023-05-19T09:23:59+00:00\",\"description\":\"\u00bfConoces los aceites Livesol? Disponemos de aceites premium. Venta online de aceites.\",\"breadcrumb\":{\"@id\":\"https:\/\/aceiteslivesol.com\/es_es\/sobre-nosotros\/#breadcrumb\"},\"inLanguage\":\"en-GB\",\"potentialAction\":[{\"@type\":\"ReadAction\",\"target\":[\"https:\/\/aceiteslivesol.com\/es_es\/sobre-nosotros\/\"]}]},{\"@type\":\"ImageObject\",\"inLanguage\":\"en-GB\",\"@id\":\"https:\/\/aceiteslivesol.com\/es_es\/sobre-nosotros\/#primaryimage\",\"url\":\"https:\/\/aceiteslivesol.com\/wp-content\/uploads\/2023\/03\/Vector-dib-olivo-hojas-livesol.png\",\"contentUrl\":\"https:\/\/aceiteslivesol.com\/wp-content\/uploads\/2023\/03\/Vector-dib-olivo-hojas-livesol.png\"},{\"@type\":\"BreadcrumbList\",\"@id\":\"https:\/\/aceiteslivesol.com\/es_es\/sobre-nosotros\/#breadcrumb\",\"itemListElement\":[{\"@type\":\"ListItem\",\"position\":1,\"name\":\"Home\",\"item\":\"https:\/\/aceiteslivesol.com\/es_es\/\"},{\"@type\":\"ListItem\",\"position\":2,\"name\":\"Sobre nosotros\"}]},{\"@type\":\"WebSite\",\"@id\":\"https:\/\/aceiteslivesol.com\/#website\",\"url\":\"https:\/\/aceiteslivesol.com\/\",\"name\":\"Aceites Livesol\",\"description\":\"Aceites Premium\",\"publisher\":{\"@id\":\"https:\/\/aceiteslivesol.com\/#organization\"},\"potentialAction\":[{\"@type\":\"SearchAction\",\"target\":{\"@type\":\"EntryPoint\",\"urlTemplate\":\"https:\/\/aceiteslivesol.com\/?s={search_term_string}\"},\"query-input\":\"required name=search_term_string\"}],\"inLanguage\":\"en-GB\"},{\"@type\":\"Organization\",\"@id\":\"https:\/\/aceiteslivesol.com\/#organization\",\"name\":\"Aceites Livesol\",\"url\":\"https:\/\/aceiteslivesol.com\/\",\"logo\":{\"@type\":\"ImageObject\",\"inLanguage\":\"en-GB\",\"@id\":\"https:\/\/aceiteslivesol.com\/#\/schema\/logo\/image\/\",\"url\":\"https:\/\/aceiteslivesol.com\/wp-content\/uploads\/2020\/03\/LOGO-LIVESOL-BLANCO.png\",\"contentUrl\":\"https:\/\/aceiteslivesol.com\/wp-content\/uploads\/2020\/03\/LOGO-LIVESOL-BLANCO.png\",\"width\":2406,\"height\":2599,\"caption\":\"Aceites Livesol\"},\"image\":{\"@id\":\"https:\/\/aceiteslivesol.com\/#\/schema\/logo\/image\/\"}}]}<\/script>\n<!-- \/ Yoast SEO plugin. -->","yoast_head_json":{"title":"Sobre nosotros - Aceites Livesol","description":"\u00bfConoces los aceites Livesol? Disponemos de aceites premium. Venta online de aceites.","robots":{"index":"index","follow":"follow","max-snippet":"max-snippet:-1","max-image-preview":"max-image-preview:large","max-video-preview":"max-video-preview:-1"},"canonical":"https:\/\/aceiteslivesol.com\/en\/sobre-nosotros\/","og_locale":"en_GB","og_type":"article","og_title":"Sobre nosotros - Aceites Livesol","og_description":"\u00bfConoces los aceites Livesol? Disponemos de aceites premium. Venta online de aceites.","og_url":"https:\/\/aceiteslivesol.com\/en\/sobre-nosotros\/","og_site_name":"Aceites Livesol","article_modified_time":"2023-05-19T09:23:59+00:00","og_image":[{"url":"https:\/\/aceiteslivesol.com\/wp-content\/uploads\/2023\/03\/Vector-dib-olivo-hojas-livesol.png"}],"twitter_card":"summary_large_image","twitter_misc":{"Estimated reading time":"2 minutes"},"schema":{"@context":"https:\/\/schema.org","@graph":[{"@type":"WebPage","@id":"https:\/\/aceiteslivesol.com\/es_es\/sobre-nosotros\/","url":"https:\/\/aceiteslivesol.com\/es_es\/sobre-nosotros\/","name":"Sobre nosotros - Aceites Livesol","isPartOf":{"@id":"https:\/\/aceiteslivesol.com\/#website"},"primaryImageOfPage":{"@id":"https:\/\/aceiteslivesol.com\/es_es\/sobre-nosotros\/#primaryimage"},"image":{"@id":"https:\/\/aceiteslivesol.com\/es_es\/sobre-nosotros\/#primaryimage"},"thumbnailUrl":"https:\/\/aceiteslivesol.com\/wp-content\/uploads\/2023\/03\/Vector-dib-olivo-hojas-livesol.png","datePublished":"2020-03-13T17:42:00+00:00","dateModified":"2023-05-19T09:23:59+00:00","description":"\u00bfConoces los aceites Livesol? Disponemos de aceites premium. Venta online de aceites.","breadcrumb":{"@id":"https:\/\/aceiteslivesol.com\/es_es\/sobre-nosotros\/#breadcrumb"},"inLanguage":"en-GB","potentialAction":[{"@type":"ReadAction","target":["https:\/\/aceiteslivesol.com\/es_es\/sobre-nosotros\/"]}]},{"@type":"ImageObject","inLanguage":"en-GB","@id":"https:\/\/aceiteslivesol.com\/es_es\/sobre-nosotros\/#primaryimage","url":"https:\/\/aceiteslivesol.com\/wp-content\/uploads\/2023\/03\/Vector-dib-olivo-hojas-livesol.png","contentUrl":"https:\/\/aceiteslivesol.com\/wp-content\/uploads\/2023\/03\/Vector-dib-olivo-hojas-livesol.png"},{"@type":"BreadcrumbList","@id":"https:\/\/aceiteslivesol.com\/es_es\/sobre-nosotros\/#breadcrumb","itemListElement":[{"@type":"ListItem","position":1,"name":"Home","item":"https:\/\/aceiteslivesol.com\/es_es\/"},{"@type":"ListItem","position":2,"name":"Sobre nosotros"}]},{"@type":"WebSite","@id":"https:\/\/aceiteslivesol.com\/#website","url":"https:\/\/aceiteslivesol.com\/","name":"Aceites Livesol","description":"Aceites Premium","publisher":{"@id":"https:\/\/aceiteslivesol.com\/#organization"},"potentialAction":[{"@type":"SearchAction","target":{"@type":"EntryPoint","urlTemplate":"https:\/\/aceiteslivesol.com\/?s={search_term_string}"},"query-input":"required name=search_term_string"}],"inLanguage":"en-GB"},{"@type":"Organization","@id":"https:\/\/aceiteslivesol.com\/#organization","name":"Aceites Livesol","url":"https:\/\/aceiteslivesol.com\/","logo":{"@type":"ImageObject","inLanguage":"en-GB","@id":"https:\/\/aceiteslivesol.com\/#\/schema\/logo\/image\/","url":"https:\/\/aceiteslivesol.com\/wp-content\/uploads\/2020\/03\/LOGO-LIVESOL-BLANCO.png","contentUrl":"https:\/\/aceiteslivesol.com\/wp-content\/uploads\/2020\/03\/LOGO-LIVESOL-BLANCO.png","width":2406,"height":2599,"caption":"Aceites Livesol"},"image":{"@id":"https:\/\/aceiteslivesol.com\/#\/schema\/logo\/image\/"}}]}},"_links":{"self":[{"href":"https:\/\/aceiteslivesol.com\/en\/wp-json\/wp\/v2\/pages\/356","targetHints":{"allow":["GET"]}}],"collection":[{"href":"https:\/\/aceiteslivesol.com\/en\/wp-json\/wp\/v2\/pages"}],"about":[{"href":"https:\/\/aceiteslivesol.com\/en\/wp-json\/wp\/v2\/types\/page"}],"author":[{"embeddable":true,"href":"https:\/\/aceiteslivesol.com\/en\/wp-json\/wp\/v2\/users\/1"}],"replies":[{"embeddable":true,"href":"https:\/\/aceiteslivesol.com\/en\/wp-json\/wp\/v2\/comments?post=356"}],"version-history":[{"count":78,"href":"https:\/\/aceiteslivesol.com\/en\/wp-json\/wp\/v2\/pages\/356\/revisions"}],"predecessor-version":[{"id":988125,"href":"https:\/\/aceiteslivesol.com\/en\/wp-json\/wp\/v2\/pages\/356\/revisions\/988125"}],"wp:attachment":[{"href":"https:\/\/aceiteslivesol.com\/en\/wp-json\/wp\/v2\/media?parent=356"}],"curies":[{"name":"wp","href":"https:\/\/api.w.org\/{rel}","templated":true}]}}